{"id":3,"date":"2021-02-08T19:58:00","date_gmt":"2021-02-08T19:58:00","guid":{"rendered":"https:\/\/histotrip.ch\/?page_id=3"},"modified":"2021-02-13T22:35:10","modified_gmt":"2021-02-13T22:35:10","slug":"privacy-policy","status":"publish","type":"page","link":"https:\/\/histotrip.ch\/?page_id=3","title":{"rendered":"Impressum"},"content":{"rendered":"\n<h2 class=\"wp-block-heading\">Wer sind wir<\/h2>\n\n\n\n<p>Unsere Webseite ist: https:\/\/histotrip.ch.<br><br>Wir sind Privatleute, die etwas f\u00fcr die Kulturelle- und Literarische-Bildung der Jungend beitragen m\u00f6chten.  <\/p>\n\n\n\n<h2 class=\"wp-block-heading\">Was f\u00fcr pers\u00f6nliche Daten von Euch speichern wir<\/h2>\n\n\n\n<h3 class=\"wp-block-heading\">Kommentare<\/h3>\n\n\n\n<p>Wenn Besucher Kommentare auf der Seite hinterlassen, sammeln wir die Daten, die im Kommentarformular angezeigt werden, sowie die IP-Adresse des Besuchers und den User-Agent-String des Browsers, um die Spam-Erkennung zu unterst\u00fctzen.<\/p>\n\n\n\n<p>Eine anonymisierte Zeichenfolge, die aus Ihrer E-Mail-Adresse erstellt wird (auch Hash genannt), kann dem Gravatar-Dienst zur Verf\u00fcgung gestellt werden, um zu sehen, ob Sie ihn nutzen. Die Datenschutzrichtlinien des Gravatar-Dienstes finden Sie hier: https:\/\/automattic.com\/privacy\/. Nach Freigabe Ihres Kommentars ist Ihr Profilbild im Kontext Ihres Kommentars \u00f6ffentlich sichtbar.<\/p>\n\n\n\n<h3 class=\"wp-block-heading\">Medien (Fotos, Video, PDF, &#8230;.)<\/h3>\n\n\n\n<p>Wenn Sie Bilder auf die Website hochladen, sollten Sie es vermeiden, Bilder hochzuladen, die eingebettete Standortdaten (EXIF-GPS) enthalten. Besucher der Website k\u00f6nnen alle Standortdaten von Bildern auf der Website herunterladen und extrahieren.<\/p>\n\n\n\n<h3 class=\"wp-block-heading\">Anmelde-\/Kontakt-Daten<\/h3>\n\n\n\n<p>Die Anmeldedaten und weitere pers\u00f6nliche Angaben werden nur gesichert auf dem Webserver dieser Homepage gespeichert und k\u00f6nnen nicht von anderen als Zugriffsberechtigen der &#171;HistoTrip.CH&#187; Webseite angesehen werden.<\/p>\n\n\n\n<h3 class=\"wp-block-heading\">Cookies<\/h3>\n\n\n\n<p>Wenn Sie einen Kommentar auf unserer Seite hinterlassen, k\u00f6nnen Sie sich damit einverstanden erkl\u00e4ren, dass Ihr Name, Ihre E-Mail-Adresse und Ihre Website in Cookies gespeichert werden. Diese sind f\u00fcr Ihre Bequemlichkeit, so dass Sie Ihre Daten nicht erneut ausf\u00fcllen m\u00fcssen, wenn Sie einen weiteren Kommentar hinterlassen. Diese Cookies haben eine Lebensdauer von einem Jahr.<\/p>\n\n\n\n<p>Wenn Sie unsere Anmeldeseite besuchen, setzen wir ein tempor\u00e4res Cookie, um festzustellen, ob Ihr Browser Cookies akzeptiert. Dieses Cookie enth\u00e4lt keine pers\u00f6nlichen Daten und wird verworfen, wenn Sie Ihren Browser schlie\u00dfen.<\/p>\n\n\n\n<p><p>Wenn Sie sich anmelden, setzen wir au\u00dferdem mehrere Cookies, um Ihre Anmeldeinformationen und Ihre Auswahl der Bildschirmdarstellung zu speichern. Die Anmelde-Cookies bleiben zwei Tage lang gespeichert, die Cookies f\u00fcr die Bildschirmoptionen ein Jahr lang. Wenn Sie &#171;Remember Me&#187; w\u00e4hlen, bleibt Ihr Login zwei Wochen lang erhalten. Wenn Sie sich von Ihrem Konto abmelden, werden die Login-Cookies entfernt.<\/p><\/p>\n\n\n\n<h3 class=\"wp-block-heading\">Eingebettete Inhalte von anderen Websites<\/h3>\n\n\n\n<p>Artikel auf dieser Website k\u00f6nnen eingebettete Inhalte (z.B. Videos, Bilder, Artikel, etc.) enthalten. Eingebettete Inhalte von anderen Websites verhalten sich genau so, als ob der Besucher die andere Website besucht h\u00e4tte.<\/p>\n\n\n\n<p>Diese Websites k\u00f6nnen Daten \u00fcber Sie sammeln, Cookies verwenden, zus\u00e4tzliche Trackingfunktionen von Drittanbietern einbetten und Ihre Interaktion mit diesen eingebetteten Inhalten \u00fcberwachen, einschlie\u00dflich der Verfolgung Ihrer Interaktion mit den eingebetteten Inhalten, wenn Sie ein Konto haben und auf dieser Website angemeldet sind.<\/p>\n\n\n\n<h3 class=\"wp-block-heading\">Mit wem teilen wir Ihre Daten<\/h3>\n\n\n\n<p>Wenn Sie einen Passwort-Reset anfordern, wird Ihre IP-Adresse in der Reset-E-Mail enthalten sein.<\/p>\n\n\n\n<h2 class=\"wp-block-heading\">Wie lange speichern wir Ihre Daten <\/h2>\n\n\n\n<p>Wenn Sie einen Kommentar hinterlassen, werden der Kommentar und seine Metadaten auf unbestimmte Zeit gespeichert. Dies dient dazu, dass wir Folgekommentare automatisch erkennen und freigeben k\u00f6nnen, anstatt sie in einer Moderationswarteschlange zu halten.<\/p>\n\n\n\n<p>F\u00fcr Benutzer, die sich auf unserer Website registrieren (falls vorhanden), speichern wir auch die von ihnen angegebenen pers\u00f6nlichen Daten in ihrem Benutzerprofil. Alle Benutzer k\u00f6nnen ihre pers\u00f6nlichen Informationen jederzeit sehen, bearbeiten oder l\u00f6schen (au\u00dfer sie k\u00f6nnen ihren Benutzernamen nicht \u00e4ndern). Website-Administratoren k\u00f6nnen diese Informationen ebenfalls sehen und bearbeiten.<\/p>\n\n\n\n<h2 class=\"wp-block-heading\">Welche Rechte habe Sie \u00fcber Ihre Daten<\/h2>\n\n\n\n<p>Wenn Sie ein Konto auf dieser Website haben oder Kommentare hinterlassen haben, k\u00f6nnen Sie beantragen, eine exportierte Datei der personenbezogenen Daten zu erhalten, die wir \u00fcber Sie gespeichert haben, einschlie\u00dflich aller Daten, die Sie uns zur Verf\u00fcgung gestellt haben. Sie k\u00f6nnen auch verlangen, dass wir alle personenbezogenen Daten, die wir \u00fcber Sie gespeichert haben, l\u00f6schen. Dies schlie\u00dft keine Daten ein, die wir aus administrativen, rechtlichen oder sicherheitsrelevanten Gr\u00fcnden aufbewahren m\u00fcssen.<\/p>\n\n\n\n<h2 class=\"wp-block-heading\">Wohin senden wir Ihre Daten<\/h2>\n\n\n\n<p>Es erfolgt absolut kein spezielles versenden Ihrer Daten. \u00d6ffentliche Beitr\u00e4ge\/Kommentare k\u00f6nnen aber von Google oder anderen Institutionen \u00fcber ein automatisiertes Scannen dieser Webseite abgerufen werden.<br>Dies betrifft aber nicht Ihre &#171;Anmelde-Daten&#187; !<\/p>\n\n\n\n<h2 class=\"wp-block-heading\">Your contact information<\/h2>\n\n\n\n<p>Ihre Anmelde-Daten sind vor Zugriff gesichert auf den Servern unseres Hosting-Anbieters gespeichert und k\u00f6nnen nicht via Internet abgefragt werden.  <\/p>\n\n\n\n<h2 class=\"wp-block-heading\">Wie sch\u00fctzen wir Ihre Daten<\/h2>\n\n\n\n<p>Unsere Webseite wird dauern von einem &#171;Firewall-\/Security-System&#187; \u00fcberwacht. Zudem \u00fcberwacht der &#171;Hosting-Anbieter&#187; den direkten Zugriff auf unseren &#171;Webspace&#187;.<\/p>\n\n\n\n<h2 class=\"wp-block-heading\">Verantwortungs-Ausschluss<\/h2>\n\n\n\n<p>&#171;Histotrip.ch&#187; ist eine reine private Initiative und wird von Privatpersonen betrieben.<br>Wir k\u00f6nnen keine Haftung jeglicher Art \u00fcbernehmen, weder f\u00fcr Inhalt, Missbrauch oder anderen Immissionen.<br>Dies gilt auch f\u00fcr Inhalte, Meinungen und Sonstiges, die von Angemeldeten Personen publiziert oder verbreitet werden.<\/p>\n\n\n\n<p>Der Publizist eines Beitrages jeglicher Art ist f\u00fcr seinen Inhalt vollumf\u00e4nglich verantwortlich.<\/p>\n\n\n\n<p><\/p>\n\n\n\n<p><\/p>\n","protected":false},"excerpt":{"rendered":"<p>Wer sind wir Unsere Webseite ist: https:\/\/histotrip.ch. Wir sind Privatleute, die etwas f\u00fcr die Kulturelle- und Literarische-Bildung der Jungend beitragen m\u00f6chten. Was f\u00fcr pers\u00f6nliche Daten von Euch speichern wir Kommentare Wenn Besucher Kommentare auf der Seite hinterlassen, sammeln wir die Daten, die im Kommentarformular angezeigt werden, sowie die IP-Adresse des Besuchers und den User-Agent-String des Browsers, um die Spam-Erkennung zu unterst\u00fctzen. Eine anonymisierte Zeichenfolge, die aus Ihrer E-Mail-Adresse erstellt wird (auch Hash genannt), kann dem Gravatar-Dienst zur Verf\u00fcgung gestellt werden, um zu sehen, ob Sie ihn nutzen. Die Datenschutzrichtlinien des Gravatar-Dienstes finden Sie hier: https:\/\/automattic.com\/privacy\/. Nach Freigabe Ihres Kommentars ist Ihr Profilbild im Kontext Ihres Kommentars \u00f6ffentlich sichtbar. Medien (Fotos, Video, PDF, &#8230;.) Wenn Sie Bilder auf die Website hochladen, sollten Sie es vermeiden, Bilder hochzuladen, die eingebettete Standortdaten (EXIF-GPS) enthalten. Besucher der Website k\u00f6nnen alle Standortdaten von Bildern auf der Website herunterladen und extrahieren. Anmelde-\/Kontakt-Daten Die Anmeldedaten und weitere pers\u00f6nliche Angaben werden nur gesichert auf dem Webserver dieser Homepage gespeichert und k\u00f6nnen nicht von anderen als Zugriffsberechtigen der &#171;HistoTrip.CH&#187; Webseite angesehen werden. Cookies Wenn Sie einen Kommentar auf unserer Seite hinterlassen, k\u00f6nnen Sie sich damit einverstanden erkl\u00e4ren, dass Ihr Name, Ihre E-Mail-Adresse und Ihre Website in Cookies gespeichert werden. Diese sind f\u00fcr Ihre Bequemlichkeit, so dass Sie Ihre Daten nicht erneut ausf\u00fcllen m\u00fcssen, wenn Sie einen weiteren Kommentar hinterlassen. Diese Cookies haben eine Lebensdauer von einem Jahr. Wenn Sie unsere Anmeldeseite besuchen, setzen wir ein tempor\u00e4res Cookie, um festzustellen, ob Ihr Browser Cookies akzeptiert. Dieses Cookie enth\u00e4lt keine pers\u00f6nlichen Daten und wird verworfen, wenn Sie Ihren Browser schlie\u00dfen. Wenn Sie sich anmelden, setzen wir au\u00dferdem mehrere Cookies, um Ihre Anmeldeinformationen und Ihre Auswahl der Bildschirmdarstellung zu speichern. Die Anmelde-Cookies bleiben zwei Tage lang gespeichert, die Cookies f\u00fcr die Bildschirmoptionen ein Jahr lang. Wenn Sie &#171;Remember Me&#187; w\u00e4hlen, bleibt Ihr Login zwei Wochen lang erhalten. Wenn Sie sich von Ihrem Konto abmelden, werden die Login-Cookies entfernt. Eingebettete Inhalte von anderen Websites Artikel auf dieser Website k\u00f6nnen eingebettete Inhalte (z.B. Videos, Bilder, Artikel, etc.) enthalten. Eingebettete Inhalte von anderen Websites verhalten sich genau so, als ob der Besucher die andere Website besucht h\u00e4tte. Diese Websites k\u00f6nnen Daten \u00fcber Sie sammeln, Cookies verwenden, zus\u00e4tzliche Trackingfunktionen von Drittanbietern einbetten und Ihre Interaktion mit diesen eingebetteten Inhalten \u00fcberwachen, einschlie\u00dflich der Verfolgung Ihrer Interaktion mit den eingebetteten Inhalten, wenn Sie ein Konto haben und auf dieser Website angemeldet sind. Mit wem teilen wir Ihre Daten Wenn Sie einen Passwort-Reset anfordern, wird Ihre IP-Adresse in der Reset-E-Mail enthalten sein. Wie lange speichern wir Ihre Daten Wenn Sie einen Kommentar hinterlassen, werden der Kommentar und seine Metadaten auf unbestimmte Zeit gespeichert. Dies dient dazu, dass wir Folgekommentare automatisch erkennen und freigeben k\u00f6nnen, anstatt sie in einer Moderationswarteschlange zu halten. F\u00fcr Benutzer, die sich auf unserer Website registrieren (falls vorhanden), speichern wir auch die von ihnen angegebenen pers\u00f6nlichen Daten in ihrem Benutzerprofil. Alle Benutzer k\u00f6nnen ihre pers\u00f6nlichen Informationen jederzeit sehen, bearbeiten oder l\u00f6schen (au\u00dfer sie k\u00f6nnen ihren Benutzernamen nicht \u00e4ndern). Website-Administratoren k\u00f6nnen diese Informationen ebenfalls sehen und bearbeiten. Welche Rechte habe Sie \u00fcber Ihre Daten Wenn Sie ein Konto auf dieser Website haben oder Kommentare hinterlassen haben, k\u00f6nnen Sie beantragen, eine exportierte Datei der personenbezogenen Daten zu erhalten, die wir \u00fcber Sie gespeichert haben, einschlie\u00dflich aller Daten, die Sie uns zur Verf\u00fcgung gestellt haben. Sie k\u00f6nnen auch verlangen, dass wir alle personenbezogenen Daten, die wir \u00fcber Sie gespeichert haben, l\u00f6schen. Dies schlie\u00dft keine Daten ein, die wir aus administrativen, rechtlichen oder sicherheitsrelevanten Gr\u00fcnden aufbewahren m\u00fcssen. Wohin senden wir Ihre Daten Es erfolgt absolut kein spezielles versenden Ihrer Daten. \u00d6ffentliche Beitr\u00e4ge\/Kommentare k\u00f6nnen aber von Google oder anderen Institutionen \u00fcber ein automatisiertes Scannen dieser Webseite abgerufen werden.Dies betrifft aber nicht Ihre &#171;Anmelde-Daten&#187; ! Your contact information Ihre Anmelde-Daten sind vor Zugriff gesichert auf den Servern unseres Hosting-Anbieters gespeichert und k\u00f6nnen nicht via Internet abgefragt werden. Wie sch\u00fctzen wir Ihre Daten Unsere Webseite wird dauern von einem &#171;Firewall-\/Security-System&#187; \u00fcberwacht. Zudem \u00fcberwacht der &#171;Hosting-Anbieter&#187; den direkten Zugriff auf unseren &#171;Webspace&#187;. Verantwortungs-Ausschluss &#171;Histotrip.ch&#187; ist eine reine private Initiative und wird von Privatpersonen betrieben.Wir k\u00f6nnen keine Haftung jeglicher Art \u00fcbernehmen, weder f\u00fcr Inhalt, Missbrauch oder anderen Immissionen.Dies gilt auch f\u00fcr Inhalte, Meinungen und Sonstiges, die von Angemeldeten Personen publiziert oder verbreitet werden. Der Publizist eines Beitrages jeglicher Art ist f\u00fcr seinen Inhalt vollumf\u00e4nglich verantwortlich.<\/p>\n","protected":false},"author":1,"featured_media":0,"parent":0,"menu_order":0,"comment_status":"closed","ping_status":"open","template":"","meta":{"footnotes":""},"_links":{"self":[{"href":"https:\/\/histotrip.ch\/index.php?rest_route=\/wp\/v2\/pages\/3"}],"collection":[{"href":"https:\/\/histotrip.ch\/index.php?rest_route=\/wp\/v2\/pages"}],"about":[{"href":"https:\/\/histotrip.ch\/index.php?rest_route=\/wp\/v2\/types\/page"}],"author":[{"embeddable":true,"href":"https:\/\/histotrip.ch\/index.php?rest_route=\/wp\/v2\/users\/1"}],"replies":[{"embeddable":true,"href":"https:\/\/histotrip.ch\/index.php?rest_route=%2Fwp%2Fv2%2Fcomments&post=3"}],"version-history":[{"count":2,"href":"https:\/\/histotrip.ch\/index.php?rest_route=\/wp\/v2\/pages\/3\/revisions"}],"predecessor-version":[{"id":28,"href":"https:\/\/histotrip.ch\/index.php?rest_route=\/wp\/v2\/pages\/3\/revisions\/28"}],"wp:attachment":[{"href":"https:\/\/histotrip.ch\/index.php?rest_route=%2Fwp%2Fv2%2Fmedia&parent=3"}],"curies":[{"name":"wp","href":"https:\/\/api.w.org\/{rel}","templated":true}]}}